{"id":3597,"date":"2018-02-12T15:53:41","date_gmt":"2018-02-12T14:53:41","guid":{"rendered":"http:\/\/parismabelle.fbsd.fr\/contact-2\/"},"modified":"2019-07-25T10:48:55","modified_gmt":"2019-07-25T08:48:55","slug":"contact-2","status":"publish","type":"page","link":"https:\/\/parismabelle.com\/en\/contact-2\/","title":{"rendered":"Contact Us"},"content":{"rendered":"<p>[et_pb_section fb_built=&#8221;1&#8243; admin_label=&#8221;section&#8221; _builder_version=&#8221;3.22&#8243; background_color=&#8221;#f5f1e9&#8243;][et_pb_row custom_padding=&#8221;0px|0px|23px|0px&#8221; admin_label=&#8221;row&#8221; _builder_version=&#8221;3.25&#8243; background_size=&#8221;initial&#8221; background_position=&#8221;top_left&#8221; background_repeat=&#8221;repeat&#8221; column_structure=&#8221;1_3,2_3&#8243;][et_pb_column type=&#8221;1_3&#8243; _builder_version=&#8221;3.25&#8243; custom_padding=&#8221;|||&#8221; custom_padding__hover=&#8221;|||&#8221;][et_pb_text _builder_version=&#8221;3.26.3&#8243;]<\/p>\n<h1 style=\"text-align: left;\">Contact<\/h1>\n<p style=\"text-align: left;\" align=\"justify\">For any request for <strong>information<\/strong>, <strong>quote<\/strong> or <strong>reservation<\/strong>, please contact us at <a href=\"mailto:info@parismabelle.com.\">info@parismabelle.com. <\/a><br \/>\nWe will answer you as soon as possible.<\/p>\n<p style=\"text-align: left;\" align=\"justify\">Email :\u00a0\u00a0<strong><a href=\"mailto:info@parismabelle.com\">info@parismabelle.com<\/a><br \/>\n<\/strong>Phone :\u00a0<strong>+33 (0)6 67 52 62 90<\/strong><\/p>\n<p>[\/et_pb_text][et_pb_image src=&#8221;https:\/\/parismabelle.com\/wp-content\/uploads\/2018\/02\/logo-09.png&#8221; align_tablet=&#8221;center&#8221; align_last_edited=&#8221;on|desktop&#8221; _builder_version=&#8221;3.23&#8243; max_width=&#8221;53%&#8221;][\/et_pb_image][\/et_pb_column][et_pb_column type=&#8221;2_3&#8243; _builder_version=&#8221;3.25&#8243; custom_padding=&#8221;|||&#8221; custom_padding__hover=&#8221;|||&#8221;][et_pb_map address=&#8221;22 Passage Saint-Bernard, 75011 Paris, France&#8221; zoom_level=&#8221;15&#8243; address_lat=&#8221;48.8523234&#8243; address_lng=&#8221;2.3801413&#8243; _builder_version=&#8221;3.0.106&#8243; border_width_all=&#8221;6px&#8221; border_color_all=&#8221;#ffffff&#8221;][et_pb_map_pin pin_address=&#8221;22 Passage Saint-Bernard, 75011 Paris, France&#8221; pin_address_lat=&#8221;48.8523234&#8243; pin_address_lng=&#8221;2.380141299999991&#8243; _builder_version=&#8221;3.0.106&#8243;][\/et_pb_map_pin][\/et_pb_map][\/et_pb_column][\/et_pb_row][\/et_pb_section]<\/p>\n","protected":false},"excerpt":{"rendered":"<p>Contact For any request for information, quote or reservation, please contact us at info@parismabelle.com. We will answer you as soon as possible. Email :\u00a0\u00a0info@parismabelle.com Phone :\u00a0+33 (0)6 67 52 62 90<\/p>\n","protected":false},"author":1,"featured_media":0,"parent":0,"menu_order":0,"comment_status":"closed","ping_status":"closed","template":"","meta":{"_et_pb_use_builder":"on","_et_pb_old_content":"","_et_gb_content_width":"","footnotes":""},"class_list":["post-3597","page","type-page","status-publish","hentry"],"yoast_head":"<!-- This site is optimized with the Yoast SEO Premium plugin v24.3 (Yoast SEO v24.3) - https:\/\/yoast.com\/wordpress\/plugins\/seo\/ -->\n<title>Contact | Paris Ma Belle | Jeux &amp; D\u00e9couverte dans la Capitale<\/title>\n<meta name=\"description\" content=\"Prenez contact avec l&#039;\u00e9quipe de Paris Ma Belle ! Privatisation d&#039;\u00e9v\u00e9nement, r\u00e9servation d&#039;un jeu de piste ou d&#039;une partie de p\u00e9tanque : nous sommes \u00e0 votre service !\" \/>\n<meta name=\"robots\" content=\"index, follow, max-snippet:-1, max-image-preview:large, max-video-preview:-1\" \/>\n<link rel=\"canonical\" href=\"https:\/\/parismabelle.com\/en\/contact-2\/\" \/>\n<meta property=\"og:locale\" content=\"en_US\" \/>\n<meta property=\"og:type\" content=\"article\" \/>\n<meta property=\"og:title\" content=\"Contact Us\" \/>\n<meta property=\"og:description\" content=\"Prenez contact avec l&#039;\u00e9quipe de Paris Ma Belle ! Privatisation d&#039;\u00e9v\u00e9nement, r\u00e9servation d&#039;un jeu de piste ou d&#039;une partie de p\u00e9tanque : nous sommes \u00e0 votre service !\" \/>\n<meta property=\"og:url\" content=\"https:\/\/parismabelle.com\/en\/contact-2\/\" \/>\n<meta property=\"og:site_name\" content=\"Paris Ma Belle\" \/>\n<meta property=\"article:publisher\" content=\"https:\/\/www.facebook.com\/ParisMaBelleJeux\/\" \/>\n<meta property=\"article:modified_time\" content=\"2019-07-25T08:48:55+00:00\" \/>\n<meta name=\"twitter:card\" content=\"summary_large_image\" \/>\n<meta name=\"twitter:label1\" content=\"Est. reading time\" \/>\n\t<meta name=\"twitter:data1\" content=\"1 minute\" \/>\n<script type=\"application\/ld+json\" class=\"yoast-schema-graph\">{\"@context\":\"https:\/\/schema.org\",\"@graph\":[{\"@type\":\"WebPage\",\"@id\":\"https:\/\/parismabelle.com\/en\/contact-2\/\",\"url\":\"https:\/\/parismabelle.com\/en\/contact-2\/\",\"name\":\"Contact | Paris Ma Belle | Jeux & D\u00e9couverte dans la Capitale\",\"isPartOf\":{\"@id\":\"https:\/\/parismabelle.com\/en\/#website\"},\"datePublished\":\"2018-02-12T14:53:41+00:00\",\"dateModified\":\"2019-07-25T08:48:55+00:00\",\"description\":\"Prenez contact avec l'\u00e9quipe de Paris Ma Belle ! Privatisation d'\u00e9v\u00e9nement, r\u00e9servation d'un jeu de piste ou d'une partie de p\u00e9tanque : nous sommes \u00e0 votre service !\",\"breadcrumb\":{\"@id\":\"https:\/\/parismabelle.com\/en\/contact-2\/#breadcrumb\"},\"inLanguage\":\"en-US\",\"potentialAction\":[{\"@type\":\"ReadAction\",\"target\":[\"https:\/\/parismabelle.com\/en\/contact-2\/\"]}]},{\"@type\":\"BreadcrumbList\",\"@id\":\"https:\/\/parismabelle.com\/en\/contact-2\/#breadcrumb\",\"itemListElement\":[{\"@type\":\"ListItem\",\"position\":1,\"name\":\"Accueil\",\"item\":\"https:\/\/parismabelle.com\/en\/\"},{\"@type\":\"ListItem\",\"position\":2,\"name\":\"Contact Us\"}]},{\"@type\":\"WebSite\",\"@id\":\"https:\/\/parismabelle.com\/en\/#website\",\"url\":\"https:\/\/parismabelle.com\/en\/\",\"name\":\"Paris Ma Belle\",\"description\":\"Jeux de Piste &amp; P\u00e9tanque\",\"publisher\":{\"@id\":\"https:\/\/parismabelle.com\/en\/#organization\"},\"potentialAction\":[{\"@type\":\"SearchAction\",\"target\":{\"@type\":\"EntryPoint\",\"urlTemplate\":\"https:\/\/parismabelle.com\/en\/?s={search_term_string}\"},\"query-input\":{\"@type\":\"PropertyValueSpecification\",\"valueRequired\":true,\"valueName\":\"search_term_string\"}}],\"inLanguage\":\"en-US\"},{\"@type\":\"Organization\",\"@id\":\"https:\/\/parismabelle.com\/en\/#organization\",\"name\":\"Paris Ma Belle\",\"url\":\"https:\/\/parismabelle.com\/en\/\",\"logo\":{\"@type\":\"ImageObject\",\"inLanguage\":\"en-US\",\"@id\":\"https:\/\/parismabelle.com\/en\/#\/schema\/logo\/image\/\",\"url\":\"https:\/\/parismabelle.com\/wp-content\/uploads\/2024\/06\/logo-09.png\",\"contentUrl\":\"https:\/\/parismabelle.com\/wp-content\/uploads\/2024\/06\/logo-09.png\",\"width\":336,\"height\":178,\"caption\":\"Paris Ma Belle\"},\"image\":{\"@id\":\"https:\/\/parismabelle.com\/en\/#\/schema\/logo\/image\/\"},\"sameAs\":[\"https:\/\/www.facebook.com\/ParisMaBelleJeux\/\",\"https:\/\/www.instagram.com\/parismabellejeux\/\"]}]}<\/script>\n<!-- \/ Yoast SEO Premium plugin. -->","yoast_head_json":{"title":"Contact | Paris Ma Belle | Jeux & D\u00e9couverte dans la Capitale","description":"Prenez contact avec l'\u00e9quipe de Paris Ma Belle ! Privatisation d'\u00e9v\u00e9nement, r\u00e9servation d'un jeu de piste ou d'une partie de p\u00e9tanque : nous sommes \u00e0 votre service !","robots":{"index":"index","follow":"follow","max-snippet":"max-snippet:-1","max-image-preview":"max-image-preview:large","max-video-preview":"max-video-preview:-1"},"canonical":"https:\/\/parismabelle.com\/en\/contact-2\/","og_locale":"en_US","og_type":"article","og_title":"Contact Us","og_description":"Prenez contact avec l'\u00e9quipe de Paris Ma Belle ! Privatisation d'\u00e9v\u00e9nement, r\u00e9servation d'un jeu de piste ou d'une partie de p\u00e9tanque : nous sommes \u00e0 votre service !","og_url":"https:\/\/parismabelle.com\/en\/contact-2\/","og_site_name":"Paris Ma Belle","article_publisher":"https:\/\/www.facebook.com\/ParisMaBelleJeux\/","article_modified_time":"2019-07-25T08:48:55+00:00","twitter_card":"summary_large_image","twitter_misc":{"Est. reading time":"1 minute"},"schema":{"@context":"https:\/\/schema.org","@graph":[{"@type":"WebPage","@id":"https:\/\/parismabelle.com\/en\/contact-2\/","url":"https:\/\/parismabelle.com\/en\/contact-2\/","name":"Contact | Paris Ma Belle | Jeux & D\u00e9couverte dans la Capitale","isPartOf":{"@id":"https:\/\/parismabelle.com\/en\/#website"},"datePublished":"2018-02-12T14:53:41+00:00","dateModified":"2019-07-25T08:48:55+00:00","description":"Prenez contact avec l'\u00e9quipe de Paris Ma Belle ! Privatisation d'\u00e9v\u00e9nement, r\u00e9servation d'un jeu de piste ou d'une partie de p\u00e9tanque : nous sommes \u00e0 votre service !","breadcrumb":{"@id":"https:\/\/parismabelle.com\/en\/contact-2\/#breadcrumb"},"inLanguage":"en-US","potentialAction":[{"@type":"ReadAction","target":["https:\/\/parismabelle.com\/en\/contact-2\/"]}]},{"@type":"BreadcrumbList","@id":"https:\/\/parismabelle.com\/en\/contact-2\/#breadcrumb","itemListElement":[{"@type":"ListItem","position":1,"name":"Accueil","item":"https:\/\/parismabelle.com\/en\/"},{"@type":"ListItem","position":2,"name":"Contact Us"}]},{"@type":"WebSite","@id":"https:\/\/parismabelle.com\/en\/#website","url":"https:\/\/parismabelle.com\/en\/","name":"Paris Ma Belle","description":"Jeux de Piste &amp; P\u00e9tanque","publisher":{"@id":"https:\/\/parismabelle.com\/en\/#organization"},"potentialAction":[{"@type":"SearchAction","target":{"@type":"EntryPoint","urlTemplate":"https:\/\/parismabelle.com\/en\/?s={search_term_string}"},"query-input":{"@type":"PropertyValueSpecification","valueRequired":true,"valueName":"search_term_string"}}],"inLanguage":"en-US"},{"@type":"Organization","@id":"https:\/\/parismabelle.com\/en\/#organization","name":"Paris Ma Belle","url":"https:\/\/parismabelle.com\/en\/","logo":{"@type":"ImageObject","inLanguage":"en-US","@id":"https:\/\/parismabelle.com\/en\/#\/schema\/logo\/image\/","url":"https:\/\/parismabelle.com\/wp-content\/uploads\/2024\/06\/logo-09.png","contentUrl":"https:\/\/parismabelle.com\/wp-content\/uploads\/2024\/06\/logo-09.png","width":336,"height":178,"caption":"Paris Ma Belle"},"image":{"@id":"https:\/\/parismabelle.com\/en\/#\/schema\/logo\/image\/"},"sameAs":["https:\/\/www.facebook.com\/ParisMaBelleJeux\/","https:\/\/www.instagram.com\/parismabellejeux\/"]}]}},"_links":{"self":[{"href":"https:\/\/parismabelle.com\/en\/wp-json\/wp\/v2\/pages\/3597","targetHints":{"allow":["GET"]}}],"collection":[{"href":"https:\/\/parismabelle.com\/en\/wp-json\/wp\/v2\/pages"}],"about":[{"href":"https:\/\/parismabelle.com\/en\/wp-json\/wp\/v2\/types\/page"}],"author":[{"embeddable":true,"href":"https:\/\/parismabelle.com\/en\/wp-json\/wp\/v2\/users\/1"}],"replies":[{"embeddable":true,"href":"https:\/\/parismabelle.com\/en\/wp-json\/wp\/v2\/comments?post=3597"}],"version-history":[{"count":0,"href":"https:\/\/parismabelle.com\/en\/wp-json\/wp\/v2\/pages\/3597\/revisions"}],"wp:attachment":[{"href":"https:\/\/parismabelle.com\/en\/wp-json\/wp\/v2\/media?parent=3597"}],"curies":[{"name":"wp","href":"https:\/\/api.w.org\/{rel}","templated":true}]}}